{"id":30305,"date":"2021-07-15T10:56:50","date_gmt":"2021-07-15T08:56:50","guid":{"rendered":"https:\/\/dev.biomotion.fr\/?page_id=30305"},"modified":"2021-07-22T15:32:05","modified_gmt":"2021-07-22T13:32:05","slug":"general-terms-conditions","status":"publish","type":"page","link":"https:\/\/www.biomotion.fr\/en\/conditions-generales-vente\/","title":{"rendered":"Conditions G\u00e9n\u00e9rales de Vente"},"content":{"rendered":"<p><div class=\"fusion-fullwidth fullwidth-box fusion-builder-row-1 fusion-flex-container nonhundred-percent-fullwidth non-hundred-percent-height-scrolling\" style=\"--awb-border-radius-top-left:0px;--awb-border-radius-top-right:0px;--awb-border-radius-bottom-right:0px;--awb-border-radius-bottom-left:0px;--awb-flex-wrap:wrap;\" ><div class=\"fusion-builder-row fusion-row fusion-flex-align-items-flex-start fusion-flex-content-wrap\" style=\"max-width:2288px;margin-left: calc(-4% \/ 2 );margin-right: calc(-4% \/ 2 );\"><div class=\"fusion-layout-column fusion_builder_column fusion-builder-column-0 fusion_builder_column_1_1 1_1 fusion-flex-column\" style=\"--awb-bg-size:cover;--awb-width-large:100%;--awb-margin-top-large:0px;--awb-spacing-right-large:1.92%;--awb-margin-bottom-large:20px;--awb-spacing-left-large:1.92%;--awb-width-medium:100%;--awb-order-medium:0;--awb-spacing-right-medium:1.92%;--awb-spacing-left-medium:1.92%;--awb-width-small:100%;--awb-order-small:0;--awb-spacing-right-small:1.92%;--awb-spacing-left-small:1.92%;\"><div class=\"fusion-column-wrapper fusion-column-has-shadow fusion-flex-justify-content-flex-start fusion-content-layout-column\"><div class=\"fusion-text fusion-text-1\"><p style=\"text-align: center; font-size: 22px; font-weight: bold;\">General Conditions of Sale<\/p>\n<\/div><div class=\"fusion-separator\" style=\"align-self: center;margin-left: auto;margin-right: auto;width:100%;max-width:30%;\"><div class=\"fusion-separator-border sep-single sep-solid\" style=\"--awb-height:20px;--awb-amount:20px;--awb-sep-color:#e39900;border-color:#e39900;border-top-width:1px;\"><\/div><\/div><div class=\"fusion-text fusion-text-2\"><h1 style=\"text-align: center;\">BIOMOTION, VTC company in Nice and on the C\u00f4te d\u2019Azur<\/h1>\n<\/div><\/div><\/div><\/div><\/div><div class=\"fusion-fullwidth fullwidth-box fusion-builder-row-2 fusion-flex-container nonhundred-percent-fullwidth non-hundred-percent-height-scrolling\" style=\"--awb-border-radius-top-left:0px;--awb-border-radius-top-right:0px;--awb-border-radius-bottom-right:0px;--awb-border-radius-bottom-left:0px;--awb-padding-right:15%;--awb-padding-left:15%;--awb-flex-wrap:wrap;\" ><div class=\"fusion-builder-row fusion-row fusion-flex-align-items-flex-start fusion-flex-content-wrap\" style=\"max-width:2288px;margin-left: calc(-4% \/ 2 );margin-right: calc(-4% \/ 2 );\"><div class=\"fusion-layout-column fusion_builder_column fusion-builder-column-1 fusion_builder_column_1_1 1_1 fusion-flex-column\" style=\"--awb-bg-size:cover;--awb-width-large:100%;--awb-margin-top-large:0px;--awb-spacing-right-large:1.92%;--awb-margin-bottom-large:20px;--awb-spacing-left-large:1.92%;--awb-width-medium:100%;--awb-order-medium:0;--awb-spacing-right-medium:1.92%;--awb-spacing-left-medium:1.92%;--awb-width-small:100%;--awb-order-small:0;--awb-spacing-right-small:1.92%;--awb-spacing-left-small:1.92%;\"><div class=\"fusion-column-wrapper fusion-column-has-shadow fusion-flex-justify-content-flex-start fusion-content-layout-column\"><div class=\"fusion-text fusion-text-3\"><h2 style=\"font-weight: bold;\">1. Application of the General Conditions<\/h2>\n<\/div><div class=\"fusion-text fusion-text-4\"><p>ADE DRIVER \u2013 BIOMOTION is a Limited Liability Company with a capital of 7500 Euros, with its registered office at 69 rue de P\u00e9gomas \u2013 06130 Grasse, registered in the Grasse Commercial and Companies Register under number 530 727 882 00017, VAT: FR50530727882 and holder of the Domestic Operating License:<\/p>\n<p>\u25cf Domestic and International Transport Licence: N\u00b0 2015\/93\/0001308 \u25cf Limousine \u2013 VTC Licence: N\u00b0 EVTC 006160601<\/p>\n<p>ADE DRIVER \u2013 BIOMOTION, Soci\u00e9t\u00e9 de transport publics de personnes offers to the passenger and\/or to any client that it may designate, its services of passenger transport and car rental with driver.<br \/>\nUnless otherwise agreed, booking a car with ADE DRIVER \u2013 BIOMOTION implies full and unreserved adherence to these general conditions, with the exclusion of all other documents such as brochures, catalogues, issued by ADE DRIVER \u2013 BIOMOTION and which are of indicative value only.<\/p>\n<p>No special conditions may prevail over these conditions, except for the formal and written acceptance of ADE DRIVER \u2013 BIOMOTION.<br \/>\nADE DRIVER \u2013 BIOMOTION, reserves the right to outsource its services to listed companies.<\/p>\n<\/div><div class=\"fusion-text fusion-text-5\"><h2 style=\"font-weight: bold;\">2. Purpose of the Contract<\/h2>\n<\/div><div class=\"fusion-text fusion-text-6\"><p>As a passenger transport company, the activity is subject to the regulation of occasional services (Decree 85-891 of 16\/08\/1985 and Law 82-1153 of 30\/12\/1982) or private services (Decree 87-242 of 07\/04\/1987 and Law 82-1153 of 30\/12\/1982).<\/p>\n<p>\u25cf Occasional services: booking from 2 people (except tours in place) \u25cf Private services*: booking from 1 person.<\/p>\n<p>* Specified in the Enterprise Framework Contract and Partnership Contract<br \/>\nAs a private car company with driver (VTC), ADE DRIVER \u2013 BIOMOTION may also be subject to the legislation inherent to this activity.<\/p>\n<p>ADE DRIVER \u2013 BIOMOTION may refuse to perform a service if the request does not comply with the legal conditions of road passenger transport law.<\/p>\n<p>Financial guarantee and insurances : ADE DRIVER \u2013 BIOMOTION has taken out an insurance under the conditions stipulated by the Personal Transport Code, with MFA Nice rue Arson 06300 Nice, for bodily, material and immaterial damages resulting from its professional activity, for an amount of 1 million euros. (\u20ac1,000,000) per claim.<\/p>\n<\/div><div class=\"fusion-text fusion-text-7\"><h2 style=\"font-weight: bold;\">3. Reservation<\/h2>\n<\/div><div class=\"fusion-text fusion-text-8\"><p>Advance booking is required either by phone or by e-mail.<\/p>\n<p>When booking, it is important to provide as much information as possible to allow ADE DRIVER \u2013 BIOMOTION to perform the service under the right conditions. In particular, the date and time of pick-up, the place of pick-up (in the case of pick-up at the airport, the flight number or origin of the flight must be specified), the destination address and the number of persons to be transported. Please also specify the number of baggage items to be carried.<\/p>\n<p>Advance reservations, buses and special services: without a quote or order form signed by you and without a return from the commercial service, no booking will be taken into account.<\/p>\n<p>For final confirmation:<\/p>\n<p>\u2013 Stamp, date, signature with the indication \u201cgood for agreement\u201d and address for drawing up the invoice<br \/>\n\u2013 Pay us a deposit of 30% of the total amount, the remaining balance will be paid after the performance<br \/>\n\u2013 Specify the contact details of a person in charge on site, the number of people, the place(s) of pick-up and drop-off, the detailed programme of your trip.<\/p>\n<p>In the event of missing or erroneous information, ADE DRIVER \u2013 BIOMOTION will not be held liable for a failure to perform its transport service, and no compensation or compensation may be claimed.<\/p>\n<\/div><div class=\"fusion-text fusion-text-9\"><h2 style=\"font-weight: bold;\">4. Pricing &amp; Services<\/h2>\n<\/div><div class=\"fusion-text fusion-text-10\"><p>Company framework contract and partnership contract: see specific contract rates<\/p>\n<p>The fares are published as an indicative flat rate and the price of the trip is communicated by our teams at the time of booking.<br \/>\nThe nightly rates from 20h00 to 8h00 are increased by 20%. Any change of service after confirmation implies a renegotiation. Rates and services are subject to change without notice.<\/p>\n<p>Prices are quoted in Euros.<\/p>\n<p>The prices of services are generally understood to include all taxes, fees and related service costs. The costs and service charges correspond to the costs related to the services ordered by the user, borne by the partners, and in particular indirect taxes (VAT, other similar taxes) and other costs necessary for the processing of the user\u2019s orders.<\/p>\n<p>Included in the benefits are:<\/p>\n<p>The published prices include VAT (10%) at the rate set by the regulations in force for transport services on the day of the race, chauffeur service<br \/>\nADE DRIVER \u2013 BIOMOTION. RCS GRASSE 530.727.882 professional, vehicle maintenance, fuel, unlimited insurance \"people<br \/>\ntransported\", the mileage of the roadmap according to the route, the carbon offset.<\/p>\n<p>The following are not included in the benefits:<\/p>\n<p>Any entrance fee not mentioned in the package, any tolls and parking fees unless mentioned in the quote, the driver\u2019s night off and meal during an \u00e0 la carte journey, miscellaneous disbursements and services on request.<\/p>\n<p>They are set according to the type of service previously reserved:<\/p>\n<p>\u25cf Transfert :<br \/>\nAll trips to Nice and the PACA region, Airports and Train Stations, and all other possible destinations by road. Transfers everywhere.<\/p>\n<p>The fares are fixed packages according to the route which may vary and be changed without notice depending on the time slot, additional services requested etc ...<\/p>\n<p>Packages and rates are available at any time on request.<br \/>\nFor single transfers (excluding airport arrivals) 15 minutes waiting time are offered, beyond the waiting time will be charged 15 euros per 15 minutes. Each instalment started being due in full.<\/p>\n<p>\u25cf Availability: Free rental of a car with driver for a chosen destination waiting for the driver. These transports are suitable for private, business, event and leisure environments.<\/p>\n<p>These daily rentals vary from 2h to 5h in a half day and from 6h to 12h in the day. For an \u00e0 la carte transport, short or long-term, please contact us.<\/p>\n<p>Package according to the period of availability and the service requested by the client. Minimum billing for 3 hours for a half-day booking, and 6 hours for a day booking.<\/p>\n<p>The rates are fixed according to the rental time of the vehicle with driver, which may vary and be changed without notice according to time slot, additional services requested etc.<br \/>\nPackages and rates are available at any time on request.<\/p>\n<p>\u25cf Excursions: provision of passenger transport and organization of transport and sightseeing tours for individuals and small groups. Package or \"package\" including transport or circuit costs.<\/p>\n<\/div><div class=\"fusion-text fusion-text-11\"><h2 style=\"font-weight: bold;\">5. Use of the Service<\/h2>\n<\/div><div class=\"fusion-text fusion-text-12\"><p>Every hour started is due. Kilometers are counted departure and return garage. Smoking is prohibited in vehicles.<br \/>\nAny damage caused to the vehicle by the customer will be charged.<br \/>\nADE DRIVER \u2013 BIOMOTION. RCS GRASSE 530.727.882<\/p>\n<p>Baggage or any other object owned by the customer remains the responsibility of the person being transported. The amount of luggage is proportional to the capacity of the vehicle used.<\/p>\n<p>ADE DRIVER \u2013 BIOMOTION is not responsible for valuables left in vehicles or for delays or cancellations caused by events beyond its control such as weather conditions, political events, strikes or accidents disrupting road, rail or air traffic.<\/p>\n<\/div><div class=\"fusion-text fusion-text-13\"><h2 style=\"font-weight: bold;\">6. Payments<\/h2>\n<\/div><div class=\"fusion-text fusion-text-14\"><p>Company framework contract and partnership contract: see specific rates of the contract Method of payment<\/p>\n<p>Only accepted on board vehicles: Cash or Credit Card (payment transactions secured by SSL protocol). For payments by credit card, are accepted: Eurocard, Mastercar, Visa, American Express. A contribution to the transaction costs may be requested, set at 1% of the transaction amount including VAT, minimum \u20ac1. The presentation of an ID document is obligatory for all payment by credit card.<\/p>\n<p>Payment on invoice at the end of the month for corporate framework contracts and partnership contracts. See the specific conditions in the said contracts.<\/p>\n<p>Confirmation and down payment<\/p>\n<p>The collective ticket and then the invoice have the value of a transport ticket and confirm the booking.<\/p>\n<p>All payments must be settled before delivery, except for contractualization \"corporate framework contract\"* and urgent transport.<\/p>\n<p>For long-term and event services, the instalment or end-of-month payment is<\/p>\n<p>authorized with an advance payment, the balance shall be settled on the dates agreed between the parties. Penalties for late payment<\/p>\n<p>Invoices are issued according to the terms and conditions of sale. No discount for early payment. Any sum not paid by the due date will automatically incur late payment penalties calculated at the legal rate increased by 5 points, plus VAT, as well as a fixed indemnity of \u20ac40 for collection costs.<\/p>\n<p>*Companies on account: payment is due upon receipt of invoice.<\/p>\n<\/div><div class=\"fusion-text fusion-text-15\"><h2 style=\"font-weight: bold;\">7. Postponement &amp; Cancellation<\/h2>\n<\/div><div class=\"fusion-text fusion-text-16\"><p>Any total cancellation must be notified at least 12 hours before the start of the service. Where applicable, ADE DRIVER \u2013 BIOMOTION reserves the right to charge cancellation fees:<\/p>\n<p>\u2013 2 to 7 days before the performance: 30% charged \u2013 48 hours before the performance: 50% charged<br \/>\n\u2013 12 hours before the performance: 100% invoiced<\/p>\n<p>Service regarding the working conditions applicable to drivers, the client fully accepts these conditions and will organise his trip in accordance with these laws.<\/p>\n<p>We kindly ask our kind customers to take into account, when making their journeys, the following information concerning the working conditions applicable to bus drivers.<br \/>\n1 \u2013 The maximum duration of continuous driving for a driver must not exceed 4h30, beyond which a stop of 45 minutes must be respected or during the 4h30, 45 minutes in 2 periods: obligation to make a stop of 15 minutes and then a stop of 30 minutes, (the order to make 15 minutes and then 30 minutes is imperative).<\/p>\n<p>2 \u2013 The maximum daily driving time allowed must not exceed 9:00 a.m. per working day. In addition to the mandatory stopping times referred to in the first subparagraph, a daily rest period of 9 a.m. shall be observed.<br \/>\n3 \u2013 The daily working time may not exceed 12h00 of overall amplitude (departure deposit \/ return deposit).<\/p>\n<p>4 \u2013 For any exceedance of amplitude, a second driver is required to overtake the first driver within 18 hours. A surcharge will be charged.<br \/>\n5 \u2013 A weekly rest period must be observed after 6 consecutive days of work.<\/p>\n<\/div><div class=\"fusion-text fusion-text-17\"><h2 style=\"font-weight: bold;\">8. Complaint &amp; Customer Relationship Service<\/h2>\n<\/div><div class=\"fusion-text fusion-text-18\"><p>In the event of a dispute concerning the interpretation or execution of their agreements, the parties shall, prior to any litigation, seek an amicable settlement and shall provide each other with all necessary information to that end. This clause applies even in the event of an interlocutory injunction, an interlocutory claim or a multiplicity of defendants or an appeal for security, and regardless of the method and manner of payment. These terms and conditions are subject to French law. In the event of a dispute, the Courts of GRASSE will have exclusive jurisdiction, even in the event of an interlocutory claim, multiple defendants or a warranty claim.<\/p>\n<\/div><div class=\"fusion-text fusion-text-19\"><p style=\"text-align: center;\">BIOMOTION, VTC company in Nice and on the C\u00f4te d\u2019Azur<\/p>\n<\/div><\/div><\/div><\/div><\/div><\/p>","protected":false},"excerpt":{"rendered":"","protected":false},"author":5,"featured_media":0,"parent":0,"menu_order":0,"comment_status":"closed","ping_status":"closed","template":"","meta":{"footnotes":""},"class_list":["post-30305","page","type-page","status-publish","hentry"],"yoast_head":"<!-- This site is optimized with the Yoast SEO plugin v27.2 - https:\/\/yoast.com\/product\/yoast-seo-wordpress\/ -->\n<title>Conditions G\u00e9n\u00e9rales de Vente Chauffeur Priv\u00e9 C\u00f4te d&#039;Azur - Biomotion<\/title>\n<meta name=\"description\" content=\"Vous recherchez un Chauffeur Priv\u00e9 pour vos d\u00e9placements sur la C\u00f4te d&#039;Azur ? Consultez les conditions g\u00e9n\u00e9rales de vente de Biomotion.\" \/>\n<meta name=\"robots\" content=\"index, follow, max-snippet:-1, max-image-preview:large, max-video-preview:-1\" \/>\n<link rel=\"canonical\" href=\"https:\/\/www.biomotion.fr\/en\/general-terms-conditions\/\" \/>\n<meta property=\"og:locale\" content=\"en_GB\" \/>\n<meta property=\"og:type\" content=\"article\" \/>\n<meta property=\"og:title\" content=\"Conditions G\u00e9n\u00e9rales de Vente Chauffeur Priv\u00e9 C\u00f4te d&#039;Azur - Biomotion\" \/>\n<meta property=\"og:description\" content=\"Vous recherchez un Chauffeur Priv\u00e9 pour vos d\u00e9placements sur la C\u00f4te d&#039;Azur ? Consultez les conditions g\u00e9n\u00e9rales de vente de Biomotion.\" \/>\n<meta property=\"og:url\" content=\"https:\/\/www.biomotion.fr\/en\/general-terms-conditions\/\" \/>\n<meta property=\"og:site_name\" content=\"Biomotion\" \/>\n<meta property=\"article:modified_time\" content=\"2021-07-22T13:32:05+00:00\" \/>\n<meta property=\"og:image\" content=\"https:\/\/www.biomotion.fr\/wp-content\/uploads\/2021\/10\/og-biomotion.jpg\" \/>\n\t<meta property=\"og:image:width\" content=\"1200\" \/>\n\t<meta property=\"og:image:height\" content=\"630\" \/>\n\t<meta property=\"og:image:type\" content=\"image\/jpeg\" \/>\n<meta name=\"twitter:card\" content=\"summary_large_image\" \/>\n<meta name=\"twitter:label1\" content=\"Estimated reading time\" \/>\n\t<meta name=\"twitter:data1\" content=\"2 minutes\" \/>\n<script type=\"application\/ld+json\" class=\"yoast-schema-graph\">{\"@context\":\"https:\/\/schema.org\",\"@graph\":[{\"@type\":\"WebPage\",\"@id\":\"https:\/\/www.biomotion.fr\/conditions-generales-vente\/\",\"url\":\"https:\/\/www.biomotion.fr\/conditions-generales-vente\/\",\"name\":\"Conditions G\u00e9n\u00e9rales de Vente Chauffeur Priv\u00e9 C\u00f4te d'Azur - Biomotion\",\"isPartOf\":{\"@id\":\"https:\/\/www.biomotion.fr\/#website\"},\"datePublished\":\"2021-07-15T08:56:50+00:00\",\"dateModified\":\"2021-07-22T13:32:05+00:00\",\"description\":\"Vous recherchez un Chauffeur Priv\u00e9 pour vos d\u00e9placements sur la C\u00f4te d'Azur ? Consultez les conditions g\u00e9n\u00e9rales de vente de Biomotion.\",\"breadcrumb\":{\"@id\":\"https:\/\/www.biomotion.fr\/conditions-generales-vente\/#breadcrumb\"},\"inLanguage\":\"en-GB\",\"potentialAction\":[{\"@type\":\"ReadAction\",\"target\":[\"https:\/\/www.biomotion.fr\/conditions-generales-vente\/\"]}]},{\"@type\":\"BreadcrumbList\",\"@id\":\"https:\/\/www.biomotion.fr\/conditions-generales-vente\/#breadcrumb\",\"itemListElement\":[{\"@type\":\"ListItem\",\"position\":1,\"name\":\"Accueil\",\"item\":\"https:\/\/www.biomotion.fr\/\"},{\"@type\":\"ListItem\",\"position\":2,\"name\":\"Conditions G\u00e9n\u00e9rales de Vente\"}]},{\"@type\":\"WebSite\",\"@id\":\"https:\/\/www.biomotion.fr\/#website\",\"url\":\"https:\/\/www.biomotion.fr\/\",\"name\":\"Biomotion\",\"description\":\"\",\"potentialAction\":[{\"@type\":\"SearchAction\",\"target\":{\"@type\":\"EntryPoint\",\"urlTemplate\":\"https:\/\/www.biomotion.fr\/?s={search_term_string}\"},\"query-input\":{\"@type\":\"PropertyValueSpecification\",\"valueRequired\":true,\"valueName\":\"search_term_string\"}}],\"inLanguage\":\"en-GB\"}]}<\/script>\n<!-- \/ Yoast SEO plugin. -->","yoast_head_json":{"title":"Conditions G\u00e9n\u00e9rales de Vente Chauffeur Priv\u00e9 C\u00f4te d'Azur - Biomotion","description":"Vous recherchez un Chauffeur Priv\u00e9 pour vos d\u00e9placements sur la C\u00f4te d'Azur ? Consultez les conditions g\u00e9n\u00e9rales de vente de Biomotion.","robots":{"index":"index","follow":"follow","max-snippet":"max-snippet:-1","max-image-preview":"max-image-preview:large","max-video-preview":"max-video-preview:-1"},"canonical":"https:\/\/www.biomotion.fr\/en\/general-terms-conditions\/","og_locale":"en_GB","og_type":"article","og_title":"Conditions G\u00e9n\u00e9rales de Vente Chauffeur Priv\u00e9 C\u00f4te d'Azur - Biomotion","og_description":"Vous recherchez un Chauffeur Priv\u00e9 pour vos d\u00e9placements sur la C\u00f4te d'Azur ? Consultez les conditions g\u00e9n\u00e9rales de vente de Biomotion.","og_url":"https:\/\/www.biomotion.fr\/en\/general-terms-conditions\/","og_site_name":"Biomotion","article_modified_time":"2021-07-22T13:32:05+00:00","og_image":[{"width":1200,"height":630,"url":"https:\/\/www.biomotion.fr\/wp-content\/uploads\/2021\/10\/og-biomotion.jpg","type":"image\/jpeg"}],"twitter_card":"summary_large_image","twitter_misc":{"Estimated reading time":"2 minutes"},"schema":{"@context":"https:\/\/schema.org","@graph":[{"@type":"WebPage","@id":"https:\/\/www.biomotion.fr\/conditions-generales-vente\/","url":"https:\/\/www.biomotion.fr\/conditions-generales-vente\/","name":"Conditions G\u00e9n\u00e9rales de Vente Chauffeur Priv\u00e9 C\u00f4te d'Azur - Biomotion","isPartOf":{"@id":"https:\/\/www.biomotion.fr\/#website"},"datePublished":"2021-07-15T08:56:50+00:00","dateModified":"2021-07-22T13:32:05+00:00","description":"Vous recherchez un Chauffeur Priv\u00e9 pour vos d\u00e9placements sur la C\u00f4te d'Azur ? Consultez les conditions g\u00e9n\u00e9rales de vente de Biomotion.","breadcrumb":{"@id":"https:\/\/www.biomotion.fr\/conditions-generales-vente\/#breadcrumb"},"inLanguage":"en-GB","potentialAction":[{"@type":"ReadAction","target":["https:\/\/www.biomotion.fr\/conditions-generales-vente\/"]}]},{"@type":"BreadcrumbList","@id":"https:\/\/www.biomotion.fr\/conditions-generales-vente\/#breadcrumb","itemListElement":[{"@type":"ListItem","position":1,"name":"Accueil","item":"https:\/\/www.biomotion.fr\/"},{"@type":"ListItem","position":2,"name":"Conditions G\u00e9n\u00e9rales de Vente"}]},{"@type":"WebSite","@id":"https:\/\/www.biomotion.fr\/#website","url":"https:\/\/www.biomotion.fr\/","name":"Biomotion","description":"","potentialAction":[{"@type":"SearchAction","target":{"@type":"EntryPoint","urlTemplate":"https:\/\/www.biomotion.fr\/?s={search_term_string}"},"query-input":{"@type":"PropertyValueSpecification","valueRequired":true,"valueName":"search_term_string"}}],"inLanguage":"en-GB"}]}},"_links":{"self":[{"href":"https:\/\/www.biomotion.fr\/en\/wp-json\/wp\/v2\/pages\/30305","targetHints":{"allow":["GET"]}}],"collection":[{"href":"https:\/\/www.biomotion.fr\/en\/wp-json\/wp\/v2\/pages"}],"about":[{"href":"https:\/\/www.biomotion.fr\/en\/wp-json\/wp\/v2\/types\/page"}],"author":[{"embeddable":true,"href":"https:\/\/www.biomotion.fr\/en\/wp-json\/wp\/v2\/users\/5"}],"replies":[{"embeddable":true,"href":"https:\/\/www.biomotion.fr\/en\/wp-json\/wp\/v2\/comments?post=30305"}],"version-history":[{"count":17,"href":"https:\/\/www.biomotion.fr\/en\/wp-json\/wp\/v2\/pages\/30305\/revisions"}],"predecessor-version":[{"id":30820,"href":"https:\/\/www.biomotion.fr\/en\/wp-json\/wp\/v2\/pages\/30305\/revisions\/30820"}],"wp:attachment":[{"href":"https:\/\/www.biomotion.fr\/en\/wp-json\/wp\/v2\/media?parent=30305"}],"curies":[{"name":"wp","href":"https:\/\/api.w.org\/{rel}","templated":true}]}}